{"id":1072,"date":"2025-07-25T12:09:54","date_gmt":"2025-07-25T10:09:54","guid":{"rendered":"https:\/\/tuiliere-a-ciel-ouvert.fr\/?page_id=1072"},"modified":"2025-08-17T20:39:15","modified_gmt":"2025-08-17T18:39:15","slug":"infos-pratiques-2","status":"publish","type":"page","link":"https:\/\/tuiliere-a-ciel-ouvert.fr\/index.php\/infos-pratiques-2\/","title":{"rendered":"Infos pratiques"},"content":{"rendered":"\n<h2 class=\"wp-block-heading\"><strong><span style=\"text-decoration: underline;\">Horaires<\/span><\/strong><\/h2>\n\n\n\n<p>Samedi 12h \u00e0 Dimanche environ 4h du mat<\/p>\n\n\n\n<h2 class=\"wp-block-heading\"><strong><span style=\"text-decoration: underline;\">Adresse<\/span><\/strong><\/h2>\n\n\n\n<p><strong>Adresse communiqu\u00e9e apr\u00e8s inscription<\/strong><\/p>\n\n\n\n<p>On se tient environ \u00e0 20 km de trois gares (dont 7km de c\u00f4te) :<\/p>\n\n\n\n<ol>\n<li>Saint-Clair-du-Rh\u00f4ne<\/li>\n\n\n\n<li>Le P\u00e9age-de-Roussillon<\/li>\n\n\n\n<li>Saint-Rambert-d&#8217;Albon<\/li>\n<\/ol>\n\n\n\n<h2 class=\"wp-block-heading\"><strong><span style=\"text-decoration: underline;\">Thunes et tarifs<\/span><\/strong><\/h2>\n\n\n\n<p>Les entr\u00e9es et la boisson seront en partie en libre-service, vous trouverez des tirelires \u00e0 proximit\u00e9 pour accueillir votre honn\u00eatet\u00e9 !<\/p>\n\n\n\n<p>!!! Amenez du liquide !!!<\/p>\n\n\n\n<p><strong>L&#8217;entr\u00e9e<\/strong> : <a href=\"https:\/\/www.helloasso.com\/associations\/la-tuiliere-a-ciel-ouvert\/evenements\/festuiliere-2025-billetterie\" data-type=\"link\" data-id=\"https:\/\/www.helloasso.com\/associations\/la-tuiliere-a-ciel-ouvert\/evenements\/festuiliere-2025-billetterie\">lien d&#8217;inscription<\/a><\/p>\n\n\n\n<p>La Camarade : 10\u20ac<\/p>\n\n\n\n<p>La Micale : 15\u20ac<\/p>\n\n\n\n<p>La \u00ab Don\u2026 de, de, de soi \u00bb : 20\u20ac<\/p>\n\n\n\n<p><strong>La boisson<\/strong><\/p>\n\n\n\n<figure class=\"wp-block-table\"><table><tbody><tr><td> <strong>Vin<\/strong><\/td><td class=\"has-text-align-center\" data-align=\"center\">12.5 cl<\/td><td class=\"has-text-align-center\" data-align=\"center\">2,00 \u20ac<\/td><\/tr><tr><td> <strong>Bi\u00e8re<\/strong><\/td><td class=\"has-text-align-center\" data-align=\"center\">25 cl<\/td><td class=\"has-text-align-center\" data-align=\"center\">2,50 \u20ac<\/td><\/tr><tr><td> <strong>Jus<\/strong><\/td><td class=\"has-text-align-center\" data-align=\"center\">25 cl<\/td><td class=\"has-text-align-center\" data-align=\"center\">1,50 \u20ac<\/td><\/tr><tr><td> <strong>Sirop<\/strong><\/td><td class=\"has-text-align-center\" data-align=\"center\">25 cl<\/td><td class=\"has-text-align-center\" data-align=\"center\">1,00 \u20ac<\/td><\/tr><tr><td> <strong>Boissons softs maisons cool et vari\u00e9es<\/strong><\/td><td class=\"has-text-align-center\" data-align=\"center\">25 cl<\/td><td class=\"has-text-align-center\" data-align=\"center\">2,00 \u20ac<\/td><\/tr><\/tbody><\/table><\/figure>\n\n\n\n<p><strong>La mangeaille<\/strong><\/p>\n\n\n\n<figure class=\"wp-block-table\"><table><tbody><tr><td> Samedi midi<\/td><td>Ramenez votre pique-nique&nbsp;!<\/td><\/tr><tr><td> Samedi soir<\/td><td>3 stands v\u00e9g\u00e9 (Burgers, Falafels et Assiettes) et 1 stand cr\u00e8pes<\/td><\/tr><tr><td> Dimanche midi<\/td><td>Ramenez votre pique-nique&nbsp;!<\/td><\/tr><\/tbody><\/table><\/figure>\n\n\n\n<h2 class=\"wp-block-heading\">Covoit<\/h2>\n\n\n\n<p><a href=\"https:\/\/lite.framacalc.org\/covoitfestuiliere2024-a8fq\" data-type=\"URL\" data-id=\"https:\/\/lite.framacalc.org\/covoitfestuiliere-a27j\">Clique ici pour rejoindre le tableau co-voit ou co-monocycle<\/a><\/p>\n\n\n\n<h2 class=\"wp-block-heading\">Parking<\/h2>\n\n\n\n<p>A 50m de l&#8217;entr\u00e9e de la Tuili\u00e8re, il y a un champ ! On vous met des p&#8217;tits panneaux !<\/p>\n\n\n\n<h2 class=\"wp-block-heading\">Camping<\/h2>\n\n\n\n<p>A 50m de l&#8217;entr\u00e9e de la Tuili\u00e8re, il y a un champ ! Ram\u00e8ne ta chambre (tente, matelas, duvet) !<\/p>\n\n\n\n<p>Pour ton hygi\u00e8ne, on a des douches fra\u00eeches et des toilettes s\u00e8ches.<\/p>\n\n\n\n<h2 class=\"wp-block-heading\">Qu&#8217;est-ce que j&#8217;am\u00e8ne d&#8217;autre ?<\/h2>\n\n\n\n<p>Ton maillot, tes chaussons d&#8217;escalade, ce que tu veux partager au reste du monde et surtout ta brosse \u00e0 dent !<\/p>\n","protected":false},"excerpt":{"rendered":"<p>Horaires Samedi 12h \u00e0 Dimanche environ 4h du mat Adresse Adresse communiqu\u00e9e apr\u00e8s inscription On se tient environ \u00e0 20 km de trois gares (dont 7km de c\u00f4te) : Thunes et tarifs Les entr\u00e9es et la boisson seront en partie en libre-service, vous trouverez des tirelires \u00e0 proximit\u00e9 pour accueillir votre honn\u00eatet\u00e9 ! !!! Amenez &hellip; <\/p>\n<p class=\"link-more\"><a href=\"https:\/\/tuiliere-a-ciel-ouvert.fr\/index.php\/infos-pratiques-2\/\" class=\"more-link\">Continue reading<span class=\"screen-reader-text\"> &#8220;Infos pratiques&#8221;<\/span><\/a><\/p>\n","protected":false},"author":1,"featured_media":0,"parent":0,"menu_order":0,"comment_status":"closed","ping_status":"closed","template":"","meta":{"footnotes":""},"_links":{"self":[{"href":"https:\/\/tuiliere-a-ciel-ouvert.fr\/index.php\/wp-json\/wp\/v2\/pages\/1072"}],"collection":[{"href":"https:\/\/tuiliere-a-ciel-ouvert.fr\/index.php\/wp-json\/wp\/v2\/pages"}],"about":[{"href":"https:\/\/tuiliere-a-ciel-ouvert.fr\/index.php\/wp-json\/wp\/v2\/types\/page"}],"author":[{"embeddable":true,"href":"https:\/\/tuiliere-a-ciel-ouvert.fr\/index.php\/wp-json\/wp\/v2\/users\/1"}],"replies":[{"embeddable":true,"href":"https:\/\/tuiliere-a-ciel-ouvert.fr\/index.php\/wp-json\/wp\/v2\/comments?post=1072"}],"version-history":[{"count":3,"href":"https:\/\/tuiliere-a-ciel-ouvert.fr\/index.php\/wp-json\/wp\/v2\/pages\/1072\/revisions"}],"predecessor-version":[{"id":1166,"href":"https:\/\/tuiliere-a-ciel-ouvert.fr\/index.php\/wp-json\/wp\/v2\/pages\/1072\/revisions\/1166"}],"wp:attachment":[{"href":"https:\/\/tuiliere-a-ciel-ouvert.fr\/index.php\/wp-json\/wp\/v2\/media?parent=1072"}],"curies":[{"name":"wp","href":"https:\/\/api.w.org\/{rel}","templated":true}]}}