{"id":9,"date":"2020-05-23T15:48:23","date_gmt":"2020-05-23T13:48:23","guid":{"rendered":"http:\/\/tuiliere-a-ciel-ouvert.fr\/?page_id=9"},"modified":"2024-07-30T14:26:21","modified_gmt":"2024-07-30T12:26:21","slug":"accueil","status":"publish","type":"page","link":"https:\/\/tuiliere-a-ciel-ouvert.fr\/","title":{"rendered":"Accueil"},"content":{"rendered":"\n<p>La Tuili\u00e8re A Ciel Ouvert est une Oasis, au sens donn\u00e9 par les colibris : <br>&#8220;Dans l&#8217;intention initiale, les oasis sont les lieux de &#8220;vivre-ensemble&#8221; o\u00f9 cohabitent plusieurs cellules familiales. Elles proposent une alternative \u00e0 l&#8217;habitat individuel.<br>Dans sa forme la plus aboutie, une oasis se construit autour de cinq principes fondamentaux, cinq leviers de changement individuel et collectif : Agriculture et autonomie alimentaire &#8211; \u00c9co-construction et sobri\u00e9t\u00e9 \u00e9nerg\u00e9tique &#8211; Mutualisation &#8211; Une gouvernance respectueuse &#8211; L\u2019accueil et l\u2019ouverture sur le monde&#8221;<br><br>Nous avons cr\u00e9\u00e9 la Tuili\u00e8re A Ciel Ouvert en Juin 2020. Nous sommes 5 co-habitants, et tentons d\u2019int\u00e9grer dans ce lieu de vie les principes \u00e9voqu\u00e9s plus haut dans notre vie au quotidien. <br><br>Bienvenue \u00e0 vous !<br><br><br><\/p>\n\n\n\n<figure class=\"wp-block-image size-large\"><img loading=\"lazy\" decoding=\"async\" width=\"1024\" height=\"737\" src=\"https:\/\/tuiliere-a-ciel-ouvert.fr\/wp-content\/uploads\/2023\/07\/Plan-1024x737.png\" alt=\"\" class=\"wp-image-520\" srcset=\"https:\/\/tuiliere-a-ciel-ouvert.fr\/wp-content\/uploads\/2023\/07\/Plan-1024x737.png 1024w, https:\/\/tuiliere-a-ciel-ouvert.fr\/wp-content\/uploads\/2023\/07\/Plan-300x216.png 300w, https:\/\/tuiliere-a-ciel-ouvert.fr\/wp-content\/uploads\/2023\/07\/Plan-768x552.png 768w, https:\/\/tuiliere-a-ciel-ouvert.fr\/wp-content\/uploads\/2023\/07\/Plan-1536x1105.png 1536w, https:\/\/tuiliere-a-ciel-ouvert.fr\/wp-content\/uploads\/2023\/07\/Plan-2048x1473.png 2048w\" sizes=\"(max-width: 706px) 89vw, (max-width: 767px) 82vw, 740px\" \/><\/figure>\n\n\n\n<h2 class=\"wp-block-heading has-text-align-center\">La Question Existentielle<\/h2>\n\n\n\n<p>&#8211; Et tu aimes bien aller \u00e0 Maclas&nbsp;?<br>&#8211; J\u2019adooore&nbsp;! r\u00e9pond-il comme dans la pub consum\u00e9riste de Centrakor.<br>&#8211; Et pourquoi&nbsp;?<br>Sa langue pointe entre ses l\u00e8vres tandis qu\u2019il prend l\u2019air extatique du gars qui vient de go\u00fbter une m\u00fbre. Dans ses yeux, une lueur s\u2019allume. Bref, il est Heureux avec un hache majuscule pour trancher dans le bonheur.    <br>Bien s\u00fbr, pour commencer, il aurait certainement parl\u00e9 du chapi, pas celui de la chanson <em>Chapi <\/em>\u266b<em> Chapo <\/em>\u266a\u2669 <em>patapo<\/em>, mais celui de \u266b<em>Maclas pitipa<\/em>\u2669. C\u2019est un peu la barbacane d\u2019un Ch\u00e2teaufort. Impressionnant, il se dresse devant vous autant pour vous accueillir que pour vous dissuader d\u2019approcher. Mais une fois que vous avez montr\u00e9 patte blanche, c\u2019est gagn\u00e9, vous \u00eates adopt\u00e9.<br>    Ensuite, il aurait sans doute poursuivi en d\u00e9crivant la maison avec son terrain qui s\u2019enroule autour comme une \u00e9charpe de parfums sonores. De l\u2019herbe, des plantes, des couleurs, des insectes, des tas de bestioles invisibles. \u00c7a grouille de vie l\u00e0-dedans&nbsp;!<br>     Ici, tout est grand, le terrain et le c\u0153ur des gens. Alors il t\u2019aurait invit\u00e9 \u00e0 entrer. Maintenant, je vais te tutoyer, aurait-il propos\u00e9. \u00c7a ne te d\u00e9range pas&nbsp;? Mets-toi \u00e0 l\u2019aise\u2026 pas trop quand m\u00eame, garde ton slip, on ne sait jamais. Suis-moi sur la pointe des pieds pour ne pas d\u00e9ranger le silence. Partout, il y a des pi\u00e8ces et des couloirs, des pi\u00e8ces encore, des portes qui se ferment et qui s\u2019ouvrent. Tu peux escalader, te connecter, dormir, t\u2019asseoir, manger, boire, lire, chanter ou jouer d\u2019un instrument, te reposer, t\u2019essayer aux jeux vid\u00e9o, regarder un film sur grand \u00e9cran ( je te l\u2019avais dit, ici tout est grand )\u2026 et si tu veux, tu peux ne rien faire\u2026<br>     Voil\u00e0 ce qu\u2019il aurait pu dire, mais \u00e7a n\u2019aurait pas \u00e9t\u00e9 suffisant. Alors, il pr\u00e9f\u00e8re se taire et convoquer les habitants, dans sa t\u00eate, juste pour le plaisir. Il y a Alex. Il est toujours d\u00e9coiff\u00e9. C\u2019est sa fa\u00e7on \u00e0 lui d\u2019\u00eatre \u00e0 l\u2019\u00e9coute, d\u2019\u00eatre en dehors du syst\u00e8me, fa\u00e7on systema. Il est cool. S\u2019il te regarde, tu es touch\u00e9. Touch\u00e9 cool\u00e9, dans sa bataille navale sans destroyer. Et pas loin, il y a Emilie. Elle a les poches pleines de fruits et de l\u00e9gumes. Un peu courb\u00e9e, ( la terre est si basse) elle passe son temps \u00e0 gratter le globe, \u00e0 le chatouiller, mais quand elle se redresse et qu\u2019elle te sourit, c\u2019est parti&nbsp;!<br>     Ensuite, il y a St\u00e9phanie. Elle conduit un dr\u00f4le de carrosse qu\u2019elle a piqu\u00e9 \u00e0 la Poste. Elle transporte des extraits de plantes avec des noms que personne ne comprend et qui font un peu peur. Si t\u2019as mal quelque part, elle te r\u00e9pond en latin et apr\u00e8s \u00e7a va mieux. C\u2019est comme \u00e7a qu\u2019elle a envo\u00fbt\u00e9 Victor. Lui, il parle tout bas. Il cherche tout le temps des r\u00e9ponses. Pourquoi&nbsp;? Comment&nbsp;? Il d\u00e9chiffre des articles avec des mots gigantesques \u00e9crits tout petit. Mais quand il aura trouv\u00e9, \u00e7a va chier&nbsp;!<br>    Il y a aussi Simon. C\u2019est le duc des pi\u00e8ges ( le grand-duc). Il attrape tout le monde en photo. Tout ce qui a des poils ou des plumes, \u00e7a l\u2019excite grave&nbsp;! Il en a toute une collection qu\u2019il montre aux petits enfants, les soirs de pleine lune, une guitare \u00e0 la main, l\u2019accord\u00e9on dans l\u2019autre. Et c\u2019est l\u00e0 qu\u2019elle appara\u00eet parfois, Manon. Elle, son truc c\u2019est de chanter le monde. C\u2019est une artiste. Alors forc\u00e9ment, elle va, elle vient. A droite, \u00e0 gauche. Plus \u00e0 gauche qu\u2019\u00e0 droite d\u2019ailleurs. Elle rencontre des gens qu\u2019on voit parfois \u00e0 la t\u00e9l\u00e9 ou au cin\u00e9ma (elle est super copine avec Pierre Niney).<br>    Enfin, il y a Tim. C\u2019est le plus beau. ( t\u2019y es beau mon fils&nbsp;!) Son hobby, c\u2019est la bricole. En factotum \u00e9clair\u00e9, il veille \u00e0 ce que tout fonctionne. Quand il n\u2019escalade pas la vie, il visse, il d\u00e9visse, il cloue, r\u00e9pare, invente. Mais son v\u00e9ritable truc, c\u2019est d\u2019aimer les gens. Et il le fait sacr\u00e9ment bien.<\/p>\n\n\n\n<p>    Voil\u00e0, une fois de plus, il a fait le tour dans sa t\u00eate. Le grand tour, silencieux, moins grand que le Tour de France, mais bien plus prestigieux. Et dans celui-l\u00e0, il n\u2019y a ni perdant ni gagnant. Juste des jeunes qui avancent ensemble pour remporter la victoire de la vie.<\/p>\n\n\n\n<p>    Comme il n\u2019a toujours rien dit et qu\u2019il affiche toujours ce sourire b\u00e9at, l\u2019autre s\u2019agace un peu.<br>    &#8211; Alors tu n\u2019as toujours pas r\u00e9pondu.<br>    Il prend un air grave cette fois. Un de ces airs myst\u00e9rieux \u00e0 la Columbo, celui qui sait, mais qui ne veut pas en dire plus.<br>    &#8211; Tu veux savoir si j\u2019aime bien aller \u00e0 Maclas. Je ne sais pas\u2026 Mais toi, si tu veux savoir, tu n\u2019as qu\u2019\u00e0 y aller et tu sauras\u2026<\/p>\n\n\n\n<h3 class=\"wp-block-heading\">De retour du festival de la Tuili\u00e8re, le 14 ao\u00fbt 2023\u2026<\/h3>\n","protected":false},"excerpt":{"rendered":"<p>La Tuili\u00e8re A Ciel Ouvert est une Oasis, au sens donn\u00e9 par les colibris : &#8220;Dans l&#8217;intention initiale, les oasis sont les lieux de &#8220;vivre-ensemble&#8221; o\u00f9 cohabitent plusieurs cellules familiales. Elles proposent une alternative \u00e0 l&#8217;habitat individuel.Dans sa forme la plus aboutie, une oasis se construit autour de cinq principes fondamentaux, cinq leviers de changement &hellip; <\/p>\n<p class=\"link-more\"><a href=\"https:\/\/tuiliere-a-ciel-ouvert.fr\/\" class=\"more-link\">Continue reading<span class=\"screen-reader-text\"> &#8220;Accueil&#8221;<\/span><\/a><\/p>\n","protected":false},"author":3,"featured_media":0,"parent":0,"menu_order":0,"comment_status":"closed","ping_status":"closed","template":"","meta":{"footnotes":""},"_links":{"self":[{"href":"https:\/\/tuiliere-a-ciel-ouvert.fr\/index.php\/wp-json\/wp\/v2\/pages\/9"}],"collection":[{"href":"https:\/\/tuiliere-a-ciel-ouvert.fr\/index.php\/wp-json\/wp\/v2\/pages"}],"about":[{"href":"https:\/\/tuiliere-a-ciel-ouvert.fr\/index.php\/wp-json\/wp\/v2\/types\/page"}],"author":[{"embeddable":true,"href":"https:\/\/tuiliere-a-ciel-ouvert.fr\/index.php\/wp-json\/wp\/v2\/users\/3"}],"replies":[{"embeddable":true,"href":"https:\/\/tuiliere-a-ciel-ouvert.fr\/index.php\/wp-json\/wp\/v2\/comments?post=9"}],"version-history":[{"count":6,"href":"https:\/\/tuiliere-a-ciel-ouvert.fr\/index.php\/wp-json\/wp\/v2\/pages\/9\/revisions"}],"predecessor-version":[{"id":945,"href":"https:\/\/tuiliere-a-ciel-ouvert.fr\/index.php\/wp-json\/wp\/v2\/pages\/9\/revisions\/945"}],"wp:attachment":[{"href":"https:\/\/tuiliere-a-ciel-ouvert.fr\/index.php\/wp-json\/wp\/v2\/media?parent=9"}],"curies":[{"name":"wp","href":"https:\/\/api.w.org\/{rel}","templated":true}]}}