{"id":992,"date":"2025-05-29T14:22:34","date_gmt":"2025-05-29T12:22:34","guid":{"rendered":"https:\/\/tuiliere-a-ciel-ouvert.fr\/?page_id=992"},"modified":"2025-07-25T12:25:39","modified_gmt":"2025-07-25T10:25:39","slug":"festuiliere-2025","status":"publish","type":"page","link":"https:\/\/tuiliere-a-ciel-ouvert.fr\/index.php\/festuiliere-2025\/","title":{"rendered":"Festuili\u00e8re 2025"},"content":{"rendered":"\n<p class=\"has-text-align-center has-large-font-size\">Festuili\u00e8re 2025<br><em>le<\/em> <em>23 Aout<\/em><\/p>\n\n\n\n<p>Bonjour \u00e0 toi futur\u00b7e festivalier\u00b7e ! <br>Tu trouveras sur ces pages tout ce dont tu as besoin pour venir faire la f\u00eate avec nous \u00e0 la Tuili\u00e8re cet \u00e9t\u00e9 ! <br>Tu pourras prendre connaissance du programme d\u00e9taill\u00e9 au fur et \u00e0 mesure que nous le d\u00e9voilerons, prendre ta place en cliquant sur le lien d&#8217;inscription (plus tu le feras t\u00f4t et mieux on pourra anticiper l&#8217;organisation), et si tu as des questions, tu trouveras toutes les r\u00e9ponses dans la partie infos pratiques.<br><br>A toi de jouer !<br><br><br><\/p>\n\n\n\n<p><\/p>\n\n\n\n<p class=\"has-large-font-size\">\u2600\ufe0f<a href=\"https:\/\/tuiliere-a-ciel-ouvert.fr\/index.php\/programme-et-plan-2025\/\" data-type=\"page\" data-id=\"528\">Programme et plan<\/a><\/p>\n\n\n\n<p class=\"has-large-font-size\">\ud83c\udf31<a href=\"https:\/\/www.helloasso.com\/associations\/la-tuiliere-a-ciel-ouvert\/evenements\/festuiliere-2025-billetterie\">Inscriptions<\/a><\/p>\n\n\n\n<p class=\"has-large-font-size\">\ud83e\udd94<a href=\"https:\/\/tuiliere-a-ciel-ouvert.fr\/index.php\/infos-pratiques-2\/\" data-type=\"page\" data-id=\"526\">Infos pratiques<\/a><\/p>\n\n\n\n<p><\/p>\n","protected":false},"excerpt":{"rendered":"<p>Festuili\u00e8re 2025le 23 Aout Bonjour \u00e0 toi futur\u00b7e festivalier\u00b7e ! Tu trouveras sur ces pages tout ce dont tu as besoin pour venir faire la f\u00eate avec nous \u00e0 la Tuili\u00e8re cet \u00e9t\u00e9 ! Tu pourras prendre connaissance du programme d\u00e9taill\u00e9 au fur et \u00e0 mesure que nous le d\u00e9voilerons, prendre ta place en cliquant &hellip; <\/p>\n<p class=\"link-more\"><a href=\"https:\/\/tuiliere-a-ciel-ouvert.fr\/index.php\/festuiliere-2025\/\" class=\"more-link\">Continue reading<span class=\"screen-reader-text\"> &#8220;Festuili\u00e8re 2025&#8221;<\/span><\/a><\/p>\n","protected":false},"author":1,"featured_media":0,"parent":0,"menu_order":0,"comment_status":"closed","ping_status":"closed","template":"","meta":{"footnotes":""},"_links":{"self":[{"href":"https:\/\/tuiliere-a-ciel-ouvert.fr\/index.php\/wp-json\/wp\/v2\/pages\/992"}],"collection":[{"href":"https:\/\/tuiliere-a-ciel-ouvert.fr\/index.php\/wp-json\/wp\/v2\/pages"}],"about":[{"href":"https:\/\/tuiliere-a-ciel-ouvert.fr\/index.php\/wp-json\/wp\/v2\/types\/page"}],"author":[{"embeddable":true,"href":"https:\/\/tuiliere-a-ciel-ouvert.fr\/index.php\/wp-json\/wp\/v2\/users\/1"}],"replies":[{"embeddable":true,"href":"https:\/\/tuiliere-a-ciel-ouvert.fr\/index.php\/wp-json\/wp\/v2\/comments?post=992"}],"version-history":[{"count":4,"href":"https:\/\/tuiliere-a-ciel-ouvert.fr\/index.php\/wp-json\/wp\/v2\/pages\/992\/revisions"}],"predecessor-version":[{"id":1079,"href":"https:\/\/tuiliere-a-ciel-ouvert.fr\/index.php\/wp-json\/wp\/v2\/pages\/992\/revisions\/1079"}],"wp:attachment":[{"href":"https:\/\/tuiliere-a-ciel-ouvert.fr\/index.php\/wp-json\/wp\/v2\/media?parent=992"}],"curies":[{"name":"wp","href":"https:\/\/api.w.org\/{rel}","templated":true}]}}